{"id":65,"date":"2024-01-22T10:35:36","date_gmt":"2024-01-22T09:35:36","guid":{"rendered":"https:\/\/ahmedkabbej.fr\/?page_id=65"},"modified":"2024-03-07T20:39:34","modified_gmt":"2024-03-07T19:39:34","slug":"home","status":"publish","type":"page","link":"https:\/\/ahmedkabbej.fr\/","title":{"rendered":"Home"},"content":{"rendered":"\n<figure class=\"wp-block-video\"><video autoplay loop muted src=\"https:\/\/ahmedkabbej.fr\/wp-content\/uploads\/2024\/01\/Animation-portfolio-3.mp4\" playsinline><\/video><\/figure>\n\n\n\n<div class=\"wp-block-columns is-layout-flex wp-container-core-columns-is-layout-9d6595d7 wp-block-columns-is-layout-flex\">\n<div class=\"wp-block-column is-layout-flow wp-block-column-is-layout-flow\" style=\"flex-basis:33.33%\"><div class=\"wp-block-image\">\n<figure class=\"aligncenter size-full is-resized\"><img loading=\"lazy\" decoding=\"async\" width=\"479\" height=\"521\" src=\"https:\/\/ahmedkabbej.fr\/wp-content\/uploads\/2024\/03\/IMG_1499-removebg-preview-1.png\" alt=\"\" class=\"wp-image-301\" style=\"width:199px;height:auto\" srcset=\"https:\/\/ahmedkabbej.fr\/wp-content\/uploads\/2024\/03\/IMG_1499-removebg-preview-1.png 479w, https:\/\/ahmedkabbej.fr\/wp-content\/uploads\/2024\/03\/IMG_1499-removebg-preview-1-276x300.png 276w\" sizes=\"auto, (max-width: 479px) 100vw, 479px\" \/><\/figure><\/div><\/div>\n\n\n\n<div class=\"wp-block-column is-vertically-aligned-center is-layout-flow wp-block-column-is-layout-flow\" style=\"flex-basis:66.66%\">\n<div class=\"wp-block-group\"><div class=\"wp-block-group__inner-container is-layout-constrained wp-block-group-is-layout-constrained\">\n<p class=\"has-text-align-center\">Bonjour, je suis Ahmed Kabbej, \u00e9tudiant en Ux\/Ui et D\u00e9veloppeur web \u00e0 l&rsquo;\u00e9cole <a href=\"https:\/\/www.gobelins.fr\/design-interactif\/formations\/dn-made-mention-numerique-coder-sa-creativite-interface-et-narration-interactives?mtm_campaign=dn-made-numerique&amp;mtm_kwd=dn%20made%20numerique&amp;mtm_source=google&amp;mtm_medium=cpc&amp;gclid=Cj0KCQiAwvKtBhDrARIsAJj-kTilrNPNhG3oxGi7t05vllFBw69ipGS8gKb1mn6gDM1beOsBv3VpES4aAqweEALw_wcB\">Gobelins Paris.<\/a> \u00c0 seulement 18 ans, j&rsquo;ai d\u00e9j\u00e0 acquis une passion pour la conception et le d\u00e9veloppement web.<\/p>\n\n\n\n<p class=\"has-text-align-center\">Sur mon site web, vous pourrez parcourir mes diff\u00e9rents projets, d\u00e9couvrir mes comp\u00e9tences et qualifications, ainsi que plonger dans mes exp\u00e9riences professionnelles. Chaque rubrique compose un tableau complet de la personne que je suis et de la direction que je prends dans le domaine de la conception et du d\u00e9veloppement.<\/p>\n\n\n\n<p class=\"has-text-align-center\">N&rsquo;h\u00e9sitez pas \u00e0 me contacter pour plus d&rsquo;informations ou pour discuter de collaborations potentielles. Je suis ouvert aux opportunit\u00e9s et toujours pr\u00eat \u00e0 relever de nouveaux d\u00e9fis.<\/p>\n\n\n\n<p class=\"has-text-align-center\">Merci de prendre le temps de visiter mon site, j&rsquo;esp\u00e8re que vous y trouverez des informations int\u00e9ressantes et inspirantes sur mon parcours et mes comp\u00e9tences. \u00c0 bient\u00f4t !<\/p>\n\n\n\n<p class=\"has-text-align-center\"><a href=\"https:\/\/ahmedkabbej.fr\/?page_id=157\">(School Project here)<\/a><\/p>\n<\/div><\/div>\n<\/div>\n<\/div>\n","protected":false},"excerpt":{"rendered":"<p>Bonjour, je suis Ahmed Kabbej, \u00e9tudiant en Ux\/Ui et D\u00e9veloppeur web \u00e0 l&rsquo;\u00e9cole Gobelins Paris. \u00c0 seulement 18 ans, j&rsquo;ai d\u00e9j\u00e0 acquis une passion pour la conception et le d\u00e9veloppement web. Sur mon site web, vous pourrez parcourir mes diff\u00e9rents projets, d\u00e9couvrir mes comp\u00e9tences et qualifications, ainsi que plonger dans mes exp\u00e9riences professionnelles. Chaque rubrique&hellip; <a class=\"more-link\" href=\"https:\/\/ahmedkabbej.fr\/\">Poursuivre la lecture <span class=\"screen-reader-text\">Home<\/span><\/a><\/p>\n","protected":false},"author":1,"featured_media":0,"parent":0,"menu_order":0,"comment_status":"closed","ping_status":"closed","template":"","meta":{"footnotes":""},"class_list":["post-65","page","type-page","status-publish","hentry","entry"],"_links":{"self":[{"href":"https:\/\/ahmedkabbej.fr\/index.php?rest_route=\/wp\/v2\/pages\/65","targetHints":{"allow":["GET"]}}],"collection":[{"href":"https:\/\/ahmedkabbej.fr\/index.php?rest_route=\/wp\/v2\/pages"}],"about":[{"href":"https:\/\/ahmedkabbej.fr\/index.php?rest_route=\/wp\/v2\/types\/page"}],"author":[{"embeddable":true,"href":"https:\/\/ahmedkabbej.fr\/index.php?rest_route=\/wp\/v2\/users\/1"}],"replies":[{"embeddable":true,"href":"https:\/\/ahmedkabbej.fr\/index.php?rest_route=%2Fwp%2Fv2%2Fcomments&post=65"}],"version-history":[{"count":30,"href":"https:\/\/ahmedkabbej.fr\/index.php?rest_route=\/wp\/v2\/pages\/65\/revisions"}],"predecessor-version":[{"id":304,"href":"https:\/\/ahmedkabbej.fr\/index.php?rest_route=\/wp\/v2\/pages\/65\/revisions\/304"}],"wp:attachment":[{"href":"https:\/\/ahmedkabbej.fr\/index.php?rest_route=%2Fwp%2Fv2%2Fmedia&parent=65"}],"curies":[{"name":"wp","href":"https:\/\/api.w.org\/{rel}","templated":true}]}}