{"id":45,"date":"2024-01-22T10:16:44","date_gmt":"2024-01-22T09:16:44","guid":{"rendered":"https:\/\/ahmedkabbej.fr\/?page_id=45"},"modified":"2024-06-19T14:18:41","modified_gmt":"2024-06-19T12:18:41","slug":"stages","status":"publish","type":"page","link":"https:\/\/ahmedkabbej.fr\/?page_id=45","title":{"rendered":"Stages"},"content":{"rendered":"<div class=\"wp-block-image is-style-rounded\">\n<figure class=\"aligncenter size-full\"><img loading=\"lazy\" decoding=\"async\" width=\"200\" height=\"200\" src=\"https:\/\/ahmedkabbej.fr\/wp-content\/uploads\/2024\/06\/groupe_devpoint_logo.jpeg\" alt=\"\" class=\"wp-image-433\" srcset=\"https:\/\/ahmedkabbej.fr\/wp-content\/uploads\/2024\/06\/groupe_devpoint_logo.jpeg 200w, https:\/\/ahmedkabbej.fr\/wp-content\/uploads\/2024\/06\/groupe_devpoint_logo-150x150.jpeg 150w\" sizes=\"auto, (max-width: 200px) 100vw, 200px\" \/><\/figure><\/div>\n\n\n<p>Paris : Sur site<\/p>\n\n\n\n<ul class=\"wp-block-list\">\n<li>J&rsquo;ai d\u00e9velopp\u00e9 une application interne en une semaine pour g\u00e9rer les notes de frais des salari\u00e9s de l&rsquo;entreprise, en utilisant exclusivement Power Apps. C&rsquo;\u00e9tait un d\u00e9fi int\u00e9ressant, mais j&rsquo;ai trouv\u00e9 l&rsquo;apprentissage rapide et gratifiant.<br>(En 5 jours de formation Power apps avant la cr\u00e9ation de l\u2019application)<br><br>Pr\u00e9sentation application disponible ci-dessousJ&rsquo;ai d\u00e9velopp\u00e9 une application interne en une semaine pour g\u00e9rer les notes de frais des salari\u00e9s de l&rsquo;entreprise, en utilisant exclusivement Power Apps. C&rsquo;\u00e9tait un d\u00e9fi int\u00e9ressant, mais j&rsquo;ai trouv\u00e9 l&rsquo;apprentissage rapide et gratifiant. (En 5 jours de formation Power apps avant la cr\u00e9ation de l\u2019application) Pr\u00e9sentation application disponible ci-dessous<\/li>\n\n\n\n<li><strong>Comp\u00e9tences :<\/strong> Creation app<\/li>\n<\/ul>\n\n\n<div class=\"wp-block-image\">\n<figure class=\"aligncenter size-large is-resized\"><img decoding=\"async\" src=\"https:\/\/media.licdn.com\/dms\/image\/D4E0BAQGakWkw6VhFwg\/company-logo_200_200\/0\/1691051686305\/groupe_devpoint_logo?e=1714003200&amp;v=beta&amp;t=hNu6l25ExIVlxgyP3S0-zcYKEp78rTDWRxy_YKcQHQg\" alt=\"\" style=\"width:38px;height:auto\"\/><\/figure><\/div>\n\n\n<figure class=\"wp-block-embed is-type-video is-provider-youtube wp-block-embed-youtube wp-embed-aspect-16-9 wp-has-aspect-ratio\"><div class=\"wp-block-embed__wrapper\">\n<iframe loading=\"lazy\" title=\"Stage Dev Point\" width=\"750\" height=\"422\" src=\"https:\/\/www.youtube.com\/embed\/cK_zIgOmGlo?feature=oembed\" frameborder=\"0\" allow=\"accelerometer; autoplay; clipboard-write; encrypted-media; gyroscope; picture-in-picture; web-share\" referrerpolicy=\"strict-origin-when-cross-origin\" allowfullscreen><\/iframe>\n<\/div><\/figure>\n\n\n\n<div data-wp-interactive=\"core\/file\" class=\"wp-block-file\"><object data-wp-bind--hidden=\"!state.hasPdfPreview\" hidden class=\"wp-block-file__embed\" data=\"https:\/\/ahmedkabbej.fr\/wp-content\/uploads\/2024\/06\/Rapport-stage-Gobelins-Dec-2023.pdf\" type=\"application\/pdf\" style=\"width:100%;height:600px\" aria-label=\"Contenu embarqu\u00e9 Rapport-stage-Gobelins-Dec-2023.\"><\/object><a id=\"wp-block-file--media-a2bced74-4469-4ccd-afb7-42abd7992079\" href=\"https:\/\/ahmedkabbej.fr\/wp-content\/uploads\/2024\/06\/Rapport-stage-Gobelins-Dec-2023.pdf\">Rapport-stage-Gobelins-Dec-2023<\/a><a href=\"https:\/\/ahmedkabbej.fr\/wp-content\/uploads\/2024\/06\/Rapport-stage-Gobelins-Dec-2023.pdf\" class=\"wp-block-file__button wp-element-button\" download aria-describedby=\"wp-block-file--media-a2bced74-4469-4ccd-afb7-42abd7992079\">T\u00e9l\u00e9charger<\/a><\/div>\n\n\n<div class=\"wp-block-image is-style-rounded\">\n<figure class=\"aligncenter size-full is-resized\"><img loading=\"lazy\" decoding=\"async\" width=\"900\" height=\"900\" src=\"https:\/\/ahmedkabbej.fr\/wp-content\/uploads\/2024\/06\/channels4_profile.jpg\" alt=\"\" class=\"wp-image-434\" style=\"width:290px;height:auto\" srcset=\"https:\/\/ahmedkabbej.fr\/wp-content\/uploads\/2024\/06\/channels4_profile.jpg 900w, https:\/\/ahmedkabbej.fr\/wp-content\/uploads\/2024\/06\/channels4_profile-300x300.jpg 300w, https:\/\/ahmedkabbej.fr\/wp-content\/uploads\/2024\/06\/channels4_profile-150x150.jpg 150w, https:\/\/ahmedkabbej.fr\/wp-content\/uploads\/2024\/06\/channels4_profile-768x768.jpg 768w\" sizes=\"auto, (max-width: 900px) 100vw, 900px\" \/><\/figure><\/div>\n\n\n<p><br>Pendant mon stage de deux mois chez Champion Spirit, en collaboration avec l&rsquo;entreprise CS Digital, j\u2019ai r\u00e9alis\u00e9 diverses missions cr\u00e9atives en tant qu\u2019assistant de direction artistique et assistant graphiste. J\u2019ai notamment cr\u00e9\u00e9 des logos pour une des filiales de l\u2019entreprise, effectu\u00e9 du zoning et des retouches sur Photoshop, pris des photographies avec un appareil photo et un iPhone, et con\u00e7u des interfaces responsives sur Figma et Frame. <\/p>\n\n\n\n<p>De plus, j\u2019ai \u00e9labor\u00e9 des mockups, une charte graphique, des typographies, des cr\u00e9ations 3D et des publicit\u00e9s pour les r\u00e9seaux sociaux. Pour optimiser mon travail, j\u2019ai utilis\u00e9 toute la suite Adobe ainsi que plusieurs types d\u2019intelligence artificielle.<\/p>\n\n\n\n<div data-wp-interactive=\"core\/file\" class=\"wp-block-file\"><object data-wp-bind--hidden=\"!state.hasPdfPreview\" hidden class=\"wp-block-file__embed\" data=\"https:\/\/ahmedkabbej.fr\/wp-content\/uploads\/2024\/06\/Ahmed-Kabbej-Stage-Champion-Spirirt.pdf\" type=\"application\/pdf\" style=\"width:100%;height:600px\" aria-label=\"Contenu embarqu\u00e9 Ahmed-Kabbej-Stage-Champion-Spirirt.\"><\/object><a id=\"wp-block-file--media-3e1452be-a3bd-4d04-b142-c1083a804372\" href=\"https:\/\/ahmedkabbej.fr\/wp-content\/uploads\/2024\/06\/Ahmed-Kabbej-Stage-Champion-Spirirt.pdf\">Ahmed-Kabbej-Stage-Champion-Spirirt<\/a><a href=\"https:\/\/ahmedkabbej.fr\/wp-content\/uploads\/2024\/06\/Ahmed-Kabbej-Stage-Champion-Spirirt.pdf\" class=\"wp-block-file__button wp-element-button\" download aria-describedby=\"wp-block-file--media-3e1452be-a3bd-4d04-b142-c1083a804372\">T\u00e9l\u00e9charger<\/a><\/div>\n\n\n\n<figure class=\"wp-block-gallery has-nested-images columns-default is-cropped wp-block-gallery-1 is-layout-flex wp-block-gallery-is-layout-flex\">\n<figure class=\"wp-block-image size-large is-style-twentytwentyone-border\"><img loading=\"lazy\" decoding=\"async\" width=\"578\" height=\"888\" data-id=\"438\" src=\"https:\/\/ahmedkabbej.fr\/wp-content\/uploads\/2024\/06\/Screenshot-2024-06-19-at-13.14.01.png\" alt=\"\" class=\"wp-image-438\" srcset=\"https:\/\/ahmedkabbej.fr\/wp-content\/uploads\/2024\/06\/Screenshot-2024-06-19-at-13.14.01.png 578w, https:\/\/ahmedkabbej.fr\/wp-content\/uploads\/2024\/06\/Screenshot-2024-06-19-at-13.14.01-195x300.png 195w\" sizes=\"auto, (max-width: 578px) 100vw, 578px\" \/><\/figure>\n\n\n\n<figure class=\"wp-block-image size-large is-style-twentytwentyone-border\"><img loading=\"lazy\" decoding=\"async\" width=\"590\" height=\"790\" data-id=\"437\" src=\"https:\/\/ahmedkabbej.fr\/wp-content\/uploads\/2024\/06\/Screenshot-2024-06-19-at-13.14.08.png\" alt=\"\" class=\"wp-image-437\" srcset=\"https:\/\/ahmedkabbej.fr\/wp-content\/uploads\/2024\/06\/Screenshot-2024-06-19-at-13.14.08.png 590w, https:\/\/ahmedkabbej.fr\/wp-content\/uploads\/2024\/06\/Screenshot-2024-06-19-at-13.14.08-224x300.png 224w\" sizes=\"auto, (max-width: 590px) 100vw, 590px\" \/><\/figure>\n<\/figure>\n","protected":false},"excerpt":{"rendered":"<p>Paris : Sur site Pendant mon stage de deux mois chez Champion Spirit, en collaboration avec l&rsquo;entreprise CS Digital, j\u2019ai r\u00e9alis\u00e9 diverses missions cr\u00e9atives en tant qu\u2019assistant de direction artistique et assistant graphiste. J\u2019ai notamment cr\u00e9\u00e9 des logos pour une des filiales de l\u2019entreprise, effectu\u00e9 du zoning et des retouches sur Photoshop, pris des photographies&hellip; <a class=\"more-link\" href=\"https:\/\/ahmedkabbej.fr\/?page_id=45\">Poursuivre la lecture <span class=\"screen-reader-text\">Stages<\/span><\/a><\/p>\n","protected":false},"author":1,"featured_media":0,"parent":0,"menu_order":0,"comment_status":"closed","ping_status":"closed","template":"","meta":{"footnotes":""},"class_list":["post-45","page","type-page","status-publish","hentry","entry"],"_links":{"self":[{"href":"https:\/\/ahmedkabbej.fr\/index.php?rest_route=\/wp\/v2\/pages\/45","targetHints":{"allow":["GET"]}}],"collection":[{"href":"https:\/\/ahmedkabbej.fr\/index.php?rest_route=\/wp\/v2\/pages"}],"about":[{"href":"https:\/\/ahmedkabbej.fr\/index.php?rest_route=\/wp\/v2\/types\/page"}],"author":[{"embeddable":true,"href":"https:\/\/ahmedkabbej.fr\/index.php?rest_route=\/wp\/v2\/users\/1"}],"replies":[{"embeddable":true,"href":"https:\/\/ahmedkabbej.fr\/index.php?rest_route=%2Fwp%2Fv2%2Fcomments&post=45"}],"version-history":[{"count":6,"href":"https:\/\/ahmedkabbej.fr\/index.php?rest_route=\/wp\/v2\/pages\/45\/revisions"}],"predecessor-version":[{"id":440,"href":"https:\/\/ahmedkabbej.fr\/index.php?rest_route=\/wp\/v2\/pages\/45\/revisions\/440"}],"wp:attachment":[{"href":"https:\/\/ahmedkabbej.fr\/index.php?rest_route=%2Fwp%2Fv2%2Fmedia&parent=45"}],"curies":[{"name":"wp","href":"https:\/\/api.w.org\/{rel}","templated":true}]}}