{"id":31,"date":"2024-01-22T10:13:48","date_gmt":"2024-01-22T09:13:48","guid":{"rendered":"https:\/\/ahmedkabbej.fr\/?page_id=31"},"modified":"2025-07-30T13:28:10","modified_gmt":"2025-07-30T11:28:10","slug":"musique","status":"publish","type":"page","link":"https:\/\/ahmedkabbej.fr\/?page_id=31","title":{"rendered":"Musique"},"content":{"rendered":"\n<div class=\"wp-block-columns is-layout-flex wp-container-core-columns-is-layout-9d6595d7 wp-block-columns-is-layout-flex\">\n<div class=\"wp-block-column is-layout-flow wp-block-column-is-layout-flow\" style=\"flex-basis:33.33%\">\n<p>Cours de Musique disponible ici<\/p>\n<\/div>\n\n\n\n<div class=\"wp-block-column is-layout-flow wp-block-column-is-layout-flow\" style=\"flex-basis:66.66%\">\n<figure class=\"wp-block-image size-full is-resized\"><a href=\"https:\/\/www.superprof.fr\/cours-piano-debutant-paris-2023-2024-methode-special.html\"><img loading=\"lazy\" decoding=\"async\" width=\"500\" height=\"500\" src=\"https:\/\/ahmedkabbej.fr\/wp-content\/uploads\/2024\/02\/png-transparent-dollar-sign-illustration-united-states-dollar-icon-design-icon-dollar-sign-text-logo-number-removebg-preview.png\" alt=\"\" class=\"wp-image-263\" style=\"width:60px;height:auto\" srcset=\"https:\/\/ahmedkabbej.fr\/wp-content\/uploads\/2024\/02\/png-transparent-dollar-sign-illustration-united-states-dollar-icon-design-icon-dollar-sign-text-logo-number-removebg-preview.png 500w, https:\/\/ahmedkabbej.fr\/wp-content\/uploads\/2024\/02\/png-transparent-dollar-sign-illustration-united-states-dollar-icon-design-icon-dollar-sign-text-logo-number-removebg-preview-300x300.png 300w, https:\/\/ahmedkabbej.fr\/wp-content\/uploads\/2024\/02\/png-transparent-dollar-sign-illustration-united-states-dollar-icon-design-icon-dollar-sign-text-logo-number-removebg-preview-150x150.png 150w\" sizes=\"auto, (max-width: 500px) 100vw, 500px\" \/><\/a><\/figure>\n<\/div>\n<\/div>\n\n\n<div class=\"wp-block-image is-style-twentytwentyone-image-frame\">\n<figure class=\"aligncenter size-large is-resized\"><img loading=\"lazy\" decoding=\"async\" width=\"724\" height=\"1024\" src=\"https:\/\/ahmedkabbej.fr\/wp-content\/uploads\/2024\/01\/Beige-and-Black-Modern-Simple-Art-Exhibition-Event-Poster-1-724x1024.png\" alt=\"\" class=\"wp-image-168\" style=\"width:282px;height:auto\" srcset=\"https:\/\/ahmedkabbej.fr\/wp-content\/uploads\/2024\/01\/Beige-and-Black-Modern-Simple-Art-Exhibition-Event-Poster-1-724x1024.png 724w, https:\/\/ahmedkabbej.fr\/wp-content\/uploads\/2024\/01\/Beige-and-Black-Modern-Simple-Art-Exhibition-Event-Poster-1-212x300.png 212w, https:\/\/ahmedkabbej.fr\/wp-content\/uploads\/2024\/01\/Beige-and-Black-Modern-Simple-Art-Exhibition-Event-Poster-1-768x1086.png 768w, https:\/\/ahmedkabbej.fr\/wp-content\/uploads\/2024\/01\/Beige-and-Black-Modern-Simple-Art-Exhibition-Event-Poster-1-1086x1536.png 1086w, https:\/\/ahmedkabbej.fr\/wp-content\/uploads\/2024\/01\/Beige-and-Black-Modern-Simple-Art-Exhibition-Event-Poster-1-1448x2048.png 1448w, https:\/\/ahmedkabbej.fr\/wp-content\/uploads\/2024\/01\/Beige-and-Black-Modern-Simple-Art-Exhibition-Event-Poster-1-1568x2218.png 1568w, https:\/\/ahmedkabbej.fr\/wp-content\/uploads\/2024\/01\/Beige-and-Black-Modern-Simple-Art-Exhibition-Event-Poster-1.png 1587w\" sizes=\"auto, (max-width: 724px) 100vw, 724px\" \/><\/figure><\/div>\n\n\n<p><a href=\"https:\/\/open.spotify.com\/album\/3PtzLgKUym5jhE9I0A3U8N?si=JBMiT2hUThShseAVdbcGZg\">My Last Single<\/a><\/p>\n\n\n\n<figure class=\"wp-block-embed is-type-video is-provider-youtube wp-block-embed-youtube wp-embed-aspect-16-9 wp-has-aspect-ratio\"><div class=\"wp-block-embed__wrapper\">\n<iframe loading=\"lazy\" title=\"Van toan\" width=\"750\" height=\"422\" src=\"https:\/\/www.youtube.com\/embed\/abLQP0ufIBk?feature=oembed\" frameborder=\"0\" allow=\"accelerometer; autoplay; clipboard-write; encrypted-media; gyroscope; picture-in-picture; web-share\" referrerpolicy=\"strict-origin-when-cross-origin\" allowfullscreen><\/iframe>\n<\/div><\/figure>\n\n\n\n<figure class=\"wp-block-embed is-type-video is-provider-youtube wp-block-embed-youtube wp-embed-aspect-16-9 wp-has-aspect-ratio\"><div class=\"wp-block-embed__wrapper\">\n<iframe loading=\"lazy\" title=\"Coda Studio Rec\" width=\"750\" height=\"422\" src=\"https:\/\/www.youtube.com\/embed\/HpmdEiD4c6Y?feature=oembed\" frameborder=\"0\" allow=\"accelerometer; autoplay; clipboard-write; encrypted-media; gyroscope; picture-in-picture; web-share\" referrerpolicy=\"strict-origin-when-cross-origin\" allowfullscreen><\/iframe>\n<\/div><\/figure>\n\n\n\n<figure class=\"wp-block-embed is-type-video is-provider-youtube wp-block-embed-youtube wp-embed-aspect-16-9 wp-has-aspect-ratio\"><div class=\"wp-block-embed__wrapper\">\n<iframe loading=\"lazy\" title=\"blvd3\" width=\"750\" height=\"422\" src=\"https:\/\/www.youtube.com\/embed\/DuW1ioBjxdE?feature=oembed\" frameborder=\"0\" allow=\"accelerometer; autoplay; clipboard-write; encrypted-media; gyroscope; picture-in-picture; web-share\" referrerpolicy=\"strict-origin-when-cross-origin\" allowfullscreen><\/iframe>\n<\/div><\/figure>\n\n\n\n<p><strong>Mon Solfege Book<\/strong><br><\/p>\n\n\n\n<p>J&rsquo;ai con\u00e7u un livre de solf\u00e8ge sp\u00e9cialement destin\u00e9 aux d\u00e9butants pour l&rsquo;\u00e9cole Blue Symphony. Mon objectif \u00e9tait de cr\u00e9er une ressource compl\u00e8te permettant d&rsquo;apprendre le piano et le solf\u00e8ge de mani\u00e8re progressive et accessible. Dans ce livre, je guide les lecteurs \u00e0 travers les bases du solf\u00e8ge, en commen\u00e7ant par les notions fondamentales telles que les notes, les cl\u00e9s et les rythmes. J&rsquo;ai structur\u00e9 les le\u00e7ons de mani\u00e8re \u00e0 ce qu&rsquo;elles soient facilement compr\u00e9hensibles, avec des exemples pratiques et des exercices interactifs pour renforcer l&rsquo;apprentissage. Chaque chapitre couvre un aspect sp\u00e9cifique du solf\u00e8ge et du piano, et j&rsquo;encourage activement les lecteurs \u00e0 pratiquer r\u00e9guli\u00e8rement pour renforcer leurs comp\u00e9tences musicales. Des conseils pratiques et des astuces sont \u00e9galement inclus pour aider les d\u00e9butants \u00e0 surmonter les d\u00e9fis courants rencontr\u00e9s lors de l&rsquo;apprentissage de la musique.J&rsquo;ai con\u00e7u un livre de solf\u00e8ge sp\u00e9cialement destin\u00e9 aux d\u00e9butants pour l&rsquo;\u00e9cole Blue Symphony. Mon objectif \u00e9tait de cr\u00e9er une ressource compl\u00e8te permettant d&rsquo;apprendre le piano et le solf\u00e8ge de mani\u00e8re progressive et accessible. Dans ce livre, je guide les lecteurs \u00e0 travers les bases du solf\u00e8ge, en commen\u00e7ant par les notions fondamentales telles que les notes, les cl\u00e9s et les rythmes. J&rsquo;ai structur\u00e9 les le\u00e7ons de mani\u00e8re \u00e0 ce qu&rsquo;elles soient facilement compr\u00e9hensibles, avec des exemples pratiques et des exercices interactifs pour renforcer l&rsquo;apprentissage. Chaque chapitre couvre un aspect sp\u00e9cifique du solf\u00e8ge et du piano, et j&rsquo;encourage activement les lecteurs \u00e0 pratiquer r\u00e9guli\u00e8rement pour renforcer leurs comp\u00e9tences musicales. Des conseils pratiques et des astuces sont \u00e9galement inclus pour aider les d\u00e9butants \u00e0 surmonter les d\u00e9fis courants rencontr\u00e9s lors de l&rsquo;apprentissage de la musique.<\/p>\n\n\n<div class=\"wp-block-image\">\n<figure class=\"aligncenter is-resized\"><a href=\"https:\/\/drive.google.com\/file\/d\/17oelhG7ivw6z2sdmjcR0tf3Fvl9t_aHB\/view?usp=sharing\"><img decoding=\"async\" src=\"https:\/\/upload.wikimedia.org\/wikipedia\/commons\/thumb\/1\/12\/Google_Drive_icon_%282020%29.svg\/1200px-Google_Drive_icon_%282020%29.svg.png\" alt=\"Google Drive \u2014 Wikip\u00e9dia\" style=\"width:66px;height:auto\"\/><\/a><\/figure><\/div>","protected":false},"excerpt":{"rendered":"<p>Cours de Musique disponible ici My Last Single Mon Solfege Book J&rsquo;ai con\u00e7u un livre de solf\u00e8ge sp\u00e9cialement destin\u00e9 aux d\u00e9butants pour l&rsquo;\u00e9cole Blue Symphony. Mon objectif \u00e9tait de cr\u00e9er une ressource compl\u00e8te permettant d&rsquo;apprendre le piano et le solf\u00e8ge de mani\u00e8re progressive et accessible. Dans ce livre, je guide les lecteurs \u00e0 travers les&hellip; <a class=\"more-link\" href=\"https:\/\/ahmedkabbej.fr\/?page_id=31\">Poursuivre la lecture <span class=\"screen-reader-text\">Musique<\/span><\/a><\/p>\n","protected":false},"author":1,"featured_media":0,"parent":0,"menu_order":0,"comment_status":"closed","ping_status":"closed","template":"","meta":{"footnotes":""},"class_list":["post-31","page","type-page","status-publish","hentry","entry"],"_links":{"self":[{"href":"https:\/\/ahmedkabbej.fr\/index.php?rest_route=\/wp\/v2\/pages\/31","targetHints":{"allow":["GET"]}}],"collection":[{"href":"https:\/\/ahmedkabbej.fr\/index.php?rest_route=\/wp\/v2\/pages"}],"about":[{"href":"https:\/\/ahmedkabbej.fr\/index.php?rest_route=\/wp\/v2\/types\/page"}],"author":[{"embeddable":true,"href":"https:\/\/ahmedkabbej.fr\/index.php?rest_route=\/wp\/v2\/users\/1"}],"replies":[{"embeddable":true,"href":"https:\/\/ahmedkabbej.fr\/index.php?rest_route=%2Fwp%2Fv2%2Fcomments&post=31"}],"version-history":[{"count":16,"href":"https:\/\/ahmedkabbej.fr\/index.php?rest_route=\/wp\/v2\/pages\/31\/revisions"}],"predecessor-version":[{"id":479,"href":"https:\/\/ahmedkabbej.fr\/index.php?rest_route=\/wp\/v2\/pages\/31\/revisions\/479"}],"wp:attachment":[{"href":"https:\/\/ahmedkabbej.fr\/index.php?rest_route=%2Fwp%2Fv2%2Fmedia&parent=31"}],"curies":[{"name":"wp","href":"https:\/\/api.w.org\/{rel}","templated":true}]}}